{"id":669,"date":"2020-05-06T15:32:45","date_gmt":"2020-05-06T15:32:45","guid":{"rendered":"https:\/\/atelier10-architekten.ch\/?page_id=669"},"modified":"2023-06-08T10:17:08","modified_gmt":"2023-06-08T10:17:08","slug":"atelier10","status":"publish","type":"page","link":"https:\/\/atelier10-architekten.ch\/en\/","title":{"rendered":"ATELIER10"},"content":{"rendered":"\t\t<div data-elementor-type=\"wp-page\" data-elementor-id=\"669\" class=\"elementor elementor-669\" data-elementor-post-type=\"page\">\n\t\t\t\t\t\t<section class=\"elementor-section elementor-top-section elementor-element elementor-element-6eb92a93 elementor-section-height-min-height elementor-section-boxed elementor-section-height-default elementor-section-items-middle\" data-id=\"6eb92a93\" data-element_type=\"section\" data-e-type=\"section\" data-settings=\"{&quot;background_background&quot;:&quot;slideshow&quot;,&quot;background_slideshow_gallery&quot;:[{&quot;id&quot;:1138,&quot;url&quot;:&quot;https:\\\/\\\/atelier10-architekten.ch\\\/wp-content\\\/uploads\\\/2020\\\/06\\\/2DO3857-2-1-scaled.jpg&quot;},{&quot;id&quot;:1852,&quot;url&quot;:&quot;https:\\\/\\\/atelier10-architekten.ch\\\/wp-content\\\/uploads\\\/2022\\\/12\\\/start-aussen.jpg&quot;},{&quot;id&quot;:1893,&quot;url&quot;:&quot;https:\\\/\\\/atelier10-architekten.ch\\\/wp-content\\\/uploads\\\/2022\\\/12\\\/Startseite-innen-ersetzen-durch-innenfoto.jpg&quot;},{&quot;id&quot;:1133,&quot;url&quot;:&quot;https:\\\/\\\/atelier10-architekten.ch\\\/wp-content\\\/uploads\\\/2020\\\/06\\\/2DO3733-scaled.jpg&quot;},{&quot;id&quot;:1853,&quot;url&quot;:&quot;https:\\\/\\\/atelier10-architekten.ch\\\/wp-content\\\/uploads\\\/2022\\\/12\\\/start-innen.jpg&quot;},{&quot;id&quot;:1120,&quot;url&quot;:&quot;https:\\\/\\\/atelier10-architekten.ch\\\/wp-content\\\/uploads\\\/2020\\\/06\\\/vlcsnap-00003-Kopie.jpg&quot;}],&quot;background_slideshow_slide_duration&quot;:900,&quot;background_slideshow_transition_duration&quot;:1500,&quot;background_slideshow_loop&quot;:&quot;yes&quot;,&quot;background_slideshow_slide_transition&quot;:&quot;fade&quot;,&quot;background_motion_fx_devices&quot;:[&quot;desktop&quot;,&quot;tablet&quot;,&quot;mobile&quot;]}\">\n\t\t\t\t\t\t\t<div class=\"elementor-background-overlay\"><\/div>\n\t\t\t\t\t\t\t<div class=\"elementor-container elementor-column-gap-default\">\n\t\t\t\t\t<div class=\"elementor-column elementor-col-100 elementor-top-column elementor-element elementor-element-44feab69\" data-id=\"44feab69\" data-element_type=\"column\" data-e-type=\"column\">\n\t\t\t<div class=\"elementor-widget-wrap elementor-element-populated\">\n\t\t\t\t\t\t<div class=\"elementor-element elementor-element-1d4b2635 elementor-widget elementor-widget-heading\" data-id=\"1d4b2635\" data-element_type=\"widget\" data-e-type=\"widget\" data-widget_type=\"heading.default\">\n\t\t\t\t<div class=\"elementor-widget-container\">\n\t\t\t\t\t<h2 class=\"elementor-heading-title elementor-size-large\">Von der Skizze <br>bis zum Einzug<\/h2>\t\t\t\t<\/div>\n\t\t\t\t<\/div>\n\t\t\t\t<div class=\"elementor-element elementor-element-06ed24e elementor-widget elementor-widget-heading\" data-id=\"06ed24e\" data-element_type=\"widget\" data-e-type=\"widget\" data-widget_type=\"heading.default\">\n\t\t\t\t<div class=\"elementor-widget-container\">\n\t\t\t\t\t<h5 class=\"elementor-heading-title elementor-size-medium\">Dein Bauprojekt ist bei uns in den besten H\u00e4nden<\/h5>\t\t\t\t<\/div>\n\t\t\t\t<\/div>\n\t\t\t\t\t<\/div>\n\t\t<\/div>\n\t\t\t\t\t<\/div>\n\t\t<\/section>\n\t\t\t\t<section class=\"elementor-section elementor-top-section elementor-element elementor-element-1637cbfc elementor-section-height-min-height elementor-section-boxed elementor-section-height-default elementor-section-items-middle\" data-id=\"1637cbfc\" data-element_type=\"section\" data-e-type=\"section\" data-settings=\"{&quot;background_background&quot;:&quot;classic&quot;}\">\n\t\t\t\t\t\t\t<div class=\"elementor-background-overlay\"><\/div>\n\t\t\t\t\t\t\t<div class=\"elementor-container elementor-column-gap-default\">\n\t\t\t\t\t<div class=\"elementor-column elementor-col-100 elementor-top-column elementor-element elementor-element-7c0bc6d4\" data-id=\"7c0bc6d4\" data-element_type=\"column\" data-e-type=\"column\">\n\t\t\t<div class=\"elementor-widget-wrap elementor-element-populated\">\n\t\t\t\t\t\t<div class=\"elementor-element elementor-element-dd517ed elementor-widget elementor-widget-text-editor\" data-id=\"dd517ed\" data-element_type=\"widget\" data-e-type=\"widget\" data-widget_type=\"text-editor.default\">\n\t\t\t\t<div class=\"elementor-widget-container\">\n\t\t\t\t\t\t\t\t\t<p>Atelier 10 &#8211; Architekten<\/p>\t\t\t\t\t\t\t\t<\/div>\n\t\t\t\t<\/div>\n\t\t\t\t<div class=\"elementor-element elementor-element-7c5c7005 elementor-widget elementor-widget-heading\" data-id=\"7c5c7005\" data-element_type=\"widget\" data-e-type=\"widget\" data-widget_type=\"heading.default\">\n\t\t\t\t<div class=\"elementor-widget-container\">\n\t\t\t\t\t<h2 class=\"elementor-heading-title elementor-size-large\">Wir bauen DEIN <br>Zuhause von A-Z<\/h2>\t\t\t\t<\/div>\n\t\t\t\t<\/div>\n\t\t\t\t<div class=\"elementor-element elementor-element-cbc8f2f elementor-widget elementor-widget-text-editor\" data-id=\"cbc8f2f\" data-element_type=\"widget\" data-e-type=\"widget\" data-widget_type=\"text-editor.default\">\n\t\t\t\t<div class=\"elementor-widget-container\">\n\t\t\t\t\t\t\t\t\t<p>Unsere Leistungen<\/p>\t\t\t\t\t\t\t\t<\/div>\n\t\t\t\t<\/div>\n\t\t\t\t<section class=\"elementor-section elementor-inner-section elementor-element elementor-element-72e2acf5 elementor-section-height-min-height elementor-section-boxed elementor-section-height-default\" data-id=\"72e2acf5\" data-element_type=\"section\" data-e-type=\"section\">\n\t\t\t\t\t\t<div class=\"elementor-container elementor-column-gap-wide\">\n\t\t\t\t\t<div class=\"elementor-column elementor-col-33 elementor-inner-column elementor-element elementor-element-11e5d63e\" data-id=\"11e5d63e\" data-element_type=\"column\" data-e-type=\"column\">\n\t\t\t<div class=\"elementor-widget-wrap elementor-element-populated\">\n\t\t\t\t\t\t<div class=\"elementor-element elementor-element-38db80a3 elementor-view-default elementor-position-block-start elementor-mobile-position-block-start elementor-widget elementor-widget-icon-box\" data-id=\"38db80a3\" data-element_type=\"widget\" data-e-type=\"widget\" data-widget_type=\"icon-box.default\">\n\t\t\t\t<div class=\"elementor-widget-container\">\n\t\t\t\t\t\t\t<div class=\"elementor-icon-box-wrapper\">\n\n\t\t\t\t\t\t<div class=\"elementor-icon-box-icon\">\n\t\t\t\t<span  class=\"elementor-icon\">\n\t\t\t\t<svg xmlns=\"http:\/\/www.w3.org\/2000\/svg\" width=\"39.902\" height=\"42.734\" viewBox=\"0 0 39.902 42.734\"><g id=\"Gruppe_98\" data-name=\"Gruppe 98\" transform=\"translate(-181.957 -41.276)\"><path id=\"Pfad_501\" data-name=\"Pfad 501\" d=\"M181.96,84.01c0-.806-.013-1.613.011-2.418a1.548,1.548,0,0,1,.188-.7Q189.207,68.6,196.28,56.331a.657.657,0,0,0-.056-.864,7.076,7.076,0,0,1,3.849-11.1c.131-.035.262-.072.417-.115V41.276h2.838v2.978a7.353,7.353,0,0,1,3.231,1.6,7.048,7.048,0,0,1,.98,9.691.517.517,0,0,0-.052.688c1.445,2.471,2.873,4.952,4.306,7.43.076.131.149.263.261.461l-2.115,1.773-4.8-8.328a7.241,7.241,0,0,1-3.211.8,7.1,7.1,0,0,1-3.255-.81L192.2,68.825c.628.475,1.234.983,1.887,1.419a14.9,14.9,0,0,0,17.762-1.222,17.881,17.881,0,0,0,4.611-6.061c.035-.075.071-.15.112-.222.013-.022.041-.036.078-.067l2.39,1.415c-2.614,5.363-6.475,9.306-12.375,10.768-5.809,1.439-11.228.521-15.995-3.36Q189.281,73.9,187.9,76.3c-1.149,2-2.292,4-3.451,6a1.567,1.567,0,0,1-.479.493c-.633.42-1.283.814-1.926,1.218Zm15.682-32.8a4.267,4.267,0,1,0,4.3-4.245A4.272,4.272,0,0,0,197.642,51.21Z\"><\/path><path id=\"Pfad_502\" data-name=\"Pfad 502\" d=\"M580.582,427.705c-.654-.412-1.311-.819-1.959-1.239a1.2,1.2,0,0,1-.383-.361q-2.374-3.99-4.729-7.99a1.306,1.306,0,0,1-.07-.137l2.3-1.708c.013.021.091.125.154.238q2.309,4.075,4.611,8.154a1.2,1.2,0,0,1,.147.544c.016.833.008,1.667.009,2.5Z\" transform=\"translate(-358.808 -343.695)\"><\/path><\/g><\/svg>\t\t\t\t<\/span>\n\t\t\t<\/div>\n\t\t\t\n\t\t\t\t\t\t<div class=\"elementor-icon-box-content\">\n\n\t\t\t\t\t\t\t\t\t<h3 class=\"elementor-icon-box-title\">\n\t\t\t\t\t\t<span  >\n\t\t\t\t\t\t\tDesign\t\t\t\t\t\t<\/span>\n\t\t\t\t\t<\/h3>\n\t\t\t\t\n\t\t\t\t\t\t\t\t\t<p class=\"elementor-icon-box-description\">\n\t\t\t\t\t\tIndividuelle und \u00e4sthetisch \u00fcberzeugende Entw\u00fcrfe sind der Grundstein unserer Arbeit und die Voraussetzung, um einzigartige Projekte zu verwirklichen. Wir denken ganzheitlich, arbeiten interdisziplin\u00e4r und erarbeiten Konzepte, die sich durch wirkungsvolles Design auszeichnen. \n\t\t\t\t\t<\/p>\n\t\t\t\t\n\t\t\t<\/div>\n\t\t\t\n\t\t<\/div>\n\t\t\t\t\t\t<\/div>\n\t\t\t\t<\/div>\n\t\t\t\t\t<\/div>\n\t\t<\/div>\n\t\t\t\t<div class=\"elementor-column elementor-col-33 elementor-inner-column elementor-element elementor-element-44931338\" data-id=\"44931338\" data-element_type=\"column\" data-e-type=\"column\">\n\t\t\t<div class=\"elementor-widget-wrap elementor-element-populated\">\n\t\t\t\t\t\t<div class=\"elementor-element elementor-element-1d7eaf5a elementor-view-default elementor-position-block-start elementor-mobile-position-block-start elementor-widget elementor-widget-icon-box\" data-id=\"1d7eaf5a\" data-element_type=\"widget\" data-e-type=\"widget\" data-widget_type=\"icon-box.default\">\n\t\t\t\t<div class=\"elementor-widget-container\">\n\t\t\t\t\t\t\t<div class=\"elementor-icon-box-wrapper\">\n\n\t\t\t\t\t\t<div class=\"elementor-icon-box-icon\">\n\t\t\t\t<span  class=\"elementor-icon\">\n\t\t\t\t<svg xmlns=\"http:\/\/www.w3.org\/2000\/svg\" width=\"40.734\" height=\"40.734\" viewBox=\"0 0 40.734 40.734\"><g id=\"Gruppe_97\" data-name=\"Gruppe 97\" transform=\"translate(-165 -41.276)\"><path id=\"Pfad_497\" data-name=\"Pfad 497\" d=\"M205.734,134.626c-.092.412-.164.829-.278,1.234a7.444,7.444,0,0,1-7.194,5.449q-12.867.006-25.735,0a4.756,4.756,0,1,0,.09,9.509q9.129.007,18.257,0h1.25v2.7c-.155.007-.285.018-.415.018-6.417,0-12.834.011-19.251,0a7.459,7.459,0,0,1-7.386-6.442,1.262,1.262,0,0,0-.072-.219v-1.591c.091-.412.163-.829.277-1.234a7.443,7.443,0,0,1,7.193-5.451q12.828-.005,25.656,0a4.754,4.754,0,0,0,4.776-3.716,4.692,4.692,0,0,0-4.233-5.746c-2.1-.107-4.215-.042-6.323-.044q-6.583-.005-13.166,0h-.57v-2.725h.454c6.311,0,12.623.028,18.934-.01a7.519,7.519,0,0,1,7.673,6.536.511.511,0,0,0,.062.14Z\" transform=\"translate(0 -78.313)\"><\/path><path id=\"Pfad_498\" data-name=\"Pfad 498\" d=\"M540,396.049c.013-.131.037-.261.037-.392q0-6.365,0-12.729v-.445c.168-.009.284-.021.4-.021,1.976,0,3.951-.009,5.927.008a5.612,5.612,0,0,1,1.3.161,3.406,3.406,0,0,1,2.593,2.853,3.339,3.339,0,0,1-1.675,3.571l-.324.193c.154.052.265.1.379.128a2.947,2.947,0,0,1,2.263,2.3v1.432a.89.89,0,0,0-.07.178,2.718,2.718,0,0,1-2.382,2.552c-.4.092-.8.143-1.208.214Zm2.777-8.186a1.527,1.527,0,0,0,.248.04c1.113-.013,2.227,0,3.338-.06a3.657,3.657,0,0,0,1.179-.308,1.023,1.023,0,0,0,.643-1.086,1.086,1.086,0,0,0-.737-1.034,2.76,2.76,0,0,0-.848-.182c-1.219-.031-2.438-.033-3.657-.043a.711.711,0,0,0-.164.043Zm0,5.475c1.08,0,2.111,0,3.141,0a6.415,6.415,0,0,0,.674-.032,4.309,4.309,0,0,0,.663-.116,1.187,1.187,0,0,0,.918-1.446,1.137,1.137,0,0,0-1.154-1.014c-1.212-.083-2.431-.074-3.647-.1-.193,0-.387,0-.6,0Z\" transform=\"translate(-345.165 -314.039)\"><\/path><path id=\"Pfad_499\" data-name=\"Pfad 499\" d=\"M171.763,41.276c.46,1.5.924,3.008,1.379,4.514q1.3,4.294,2.584,8.591c.041.136.068.277.117.477-.88,0-1.721.009-2.562-.014-.081,0-.19-.192-.228-.312-.35-1.124-.7-2.25-1.021-3.382-.078-.274-.181-.386-.481-.376-.768.023-1.538.016-2.306,0a.37.37,0,0,0-.439.324c-.3,1.1-.645,2.183-.938,3.282-.1.368-.247.51-.643.493-.74-.031-1.483,0-2.225.007v-.159c.053-.132.116-.261.157-.4q.783-2.6,1.559-5.2,1.173-3.926,2.341-7.853Zm-.283,6.759-1.01-3.9-.071-.01-.974,3.905Z\"><\/path><\/g><\/svg>\t\t\t\t<\/span>\n\t\t\t<\/div>\n\t\t\t\n\t\t\t\t\t\t<div class=\"elementor-icon-box-content\">\n\n\t\t\t\t\t\t\t\t\t<h3 class=\"elementor-icon-box-title\">\n\t\t\t\t\t\t<span  >\n\t\t\t\t\t\t\tPlanung\t\t\t\t\t\t<\/span>\n\t\t\t\t\t<\/h3>\n\t\t\t\t\n\t\t\t\t\t\t\t\t\t<p class=\"elementor-icon-box-description\">\n\t\t\t\t\t\tEine gut durchdachte Planung, eine transparente Kommunikation mit allen Beteiligten, eine realistische Kalkulation und eine ruhige Herangehensweise zeichnen unsere Arbeit aus. All dies garantiert eine optimale Umsetzung des Projekts von A-Z. \t\t\t\t\t<\/p>\n\t\t\t\t\n\t\t\t<\/div>\n\t\t\t\n\t\t<\/div>\n\t\t\t\t\t\t<\/div>\n\t\t\t\t<\/div>\n\t\t\t\t\t<\/div>\n\t\t<\/div>\n\t\t\t\t<div class=\"elementor-column elementor-col-33 elementor-inner-column elementor-element elementor-element-49647eae\" data-id=\"49647eae\" data-element_type=\"column\" data-e-type=\"column\">\n\t\t\t<div class=\"elementor-widget-wrap elementor-element-populated\">\n\t\t\t\t\t\t<div class=\"elementor-element elementor-element-7f673239 elementor-view-default elementor-position-block-start elementor-mobile-position-block-start elementor-widget elementor-widget-icon-box\" data-id=\"7f673239\" data-element_type=\"widget\" data-e-type=\"widget\" data-widget_type=\"icon-box.default\">\n\t\t\t\t<div class=\"elementor-widget-container\">\n\t\t\t\t\t\t\t<div class=\"elementor-icon-box-wrapper\">\n\n\t\t\t\t\t\t<div class=\"elementor-icon-box-icon\">\n\t\t\t\t<span  class=\"elementor-icon\">\n\t\t\t\t<svg xmlns=\"http:\/\/www.w3.org\/2000\/svg\" width=\"58.094\" height=\"58.094\" viewBox=\"0 0 58.094 58.094\"><path id=\"Pfad_500\" data-name=\"Pfad 500\" d=\"M293,197.2a15.782,15.782,0,0,1,1.254-1.638c2.949-2.985,5.923-5.944,8.892-8.909,1.458-1.457,2.956-1.5,4.4-.026,1.176,1.2,2.252,2.507,3.29,3.674l12.376-12.375-2.94-2.8,5.947-5.849h.16l7.7,7.7v.16l-5.762,5.9-2.846-3.01-12.179,12.186c1.1,1.146,2.3,2.394,3.5,3.64a2.764,2.764,0,0,1-.034,4.295q-4.446,4.455-8.909,8.893a17.17,17.17,0,0,1-1.692,1.31h-1.6a19.288,19.288,0,0,1-1.739-1.373q-4.276-4.221-8.5-8.5A17.822,17.822,0,0,1,293,198.8Zm16.378-5.384c-1.022-1.017-2.005-2.032-3.032-3a1.367,1.367,0,0,0-2.069.089q-4.01,3.98-7.991,7.99a1.408,1.408,0,0,0-.005,2.192q3.979,4.012,7.99,7.991a1.383,1.383,0,0,0,2.131.041q4.072-4.032,8.1-8.1a1.339,1.339,0,0,0,.033-2.008c-.968-1.027-1.975-2.018-2.983-3.042L304.5,199l-.142-.142Zm20.748-14.74-3.768-3.784-1.786,1.764,3.776,3.777Z\" transform=\"translate(-326.878 116.533) rotate(-45)\"><\/path><\/svg>\t\t\t\t<\/span>\n\t\t\t<\/div>\n\t\t\t\n\t\t\t\t\t\t<div class=\"elementor-icon-box-content\">\n\n\t\t\t\t\t\t\t\t\t<h3 class=\"elementor-icon-box-title\">\n\t\t\t\t\t\t<span  >\n\t\t\t\t\t\t\tUmsetzung\t\t\t\t\t\t<\/span>\n\t\t\t\t\t<\/h3>\n\t\t\t\t\n\t\t\t\t\t\t\t\t\t<p class=\"elementor-icon-box-description\">\n\t\t\t\t\t\tDas Einhalten des Budgets, eine termingerechte und zugleich qualitativ hochstehende Ausf\u00fchrung sind das Fundament, um eine reibungslose Umsetzung der Projekte zu garantieren. So sorgen wir daf\u00fcr, dass das Ergebnis h\u00e4lt, was der Entwurf versprochen hat.\t\t\t\t\t<\/p>\n\t\t\t\t\n\t\t\t<\/div>\n\t\t\t\n\t\t<\/div>\n\t\t\t\t\t\t<\/div>\n\t\t\t\t<\/div>\n\t\t\t\t\t<\/div>\n\t\t<\/div>\n\t\t\t\t\t<\/div>\n\t\t<\/section>\n\t\t\t\t\t<\/div>\n\t\t<\/div>\n\t\t\t\t\t<\/div>\n\t\t<\/section>\n\t\t\t\t<section class=\"elementor-section elementor-top-section elementor-element elementor-element-991b8df elementor-section-full_width elementor-section-height-default elementor-section-height-default\" data-id=\"991b8df\" data-element_type=\"section\" data-e-type=\"section\">\n\t\t\t\t\t\t<div class=\"elementor-container elementor-column-gap-no\">\n\t\t\t\t\t<div class=\"elementor-column elementor-col-100 elementor-top-column elementor-element elementor-element-4cfea93\" data-id=\"4cfea93\" data-element_type=\"column\" data-e-type=\"column\">\n\t\t\t<div class=\"elementor-widget-wrap elementor-element-populated\">\n\t\t\t\t\t\t<div class=\"elementor-element elementor-element-423b345 elementor--h-position-center elementor--v-position-middle elementor-arrows-position-inside elementor-widget elementor-widget-slides\" data-id=\"423b345\" data-element_type=\"widget\" data-e-type=\"widget\" data-settings=\"{&quot;transition_speed&quot;:2500,&quot;navigation&quot;:&quot;arrows&quot;,&quot;autoplay&quot;:&quot;yes&quot;,&quot;pause_on_interaction&quot;:&quot;yes&quot;,&quot;autoplay_speed&quot;:5000,&quot;infinite&quot;:&quot;yes&quot;,&quot;transition&quot;:&quot;slide&quot;}\" data-widget_type=\"slides.default\">\n\t\t\t\t<div class=\"elementor-widget-container\">\n\t\t\t\t\t\t\t\t\t<div class=\"elementor-swiper\">\n\t\t\t\t\t<div class=\"elementor-slides-wrapper elementor-main-swiper swiper\" role=\"region\" aria-roledescription=\"carousel\" aria-label=\"Slider\" dir=\"ltr\" data-animation=\"\">\n\t\t\t\t<div class=\"swiper-wrapper elementor-slides\">\n\t\t\t\t\t\t\t\t\t\t<div class=\"elementor-repeater-item-8a6ceb0 swiper-slide\" role=\"group\" aria-roledescription=\"slide\"><div class=\"swiper-slide-bg elementor-ken-burns elementor-ken-burns--in\" role=\"img\" aria-label=\"ATELIER10 planung\"><\/div><div class=\"elementor-background-overlay\"><\/div><div class=\"swiper-slide-inner\" ><div class=\"swiper-slide-contents\"><div class=\"elementor-slide-heading\">\u201dARCHITEKTUR IST EIN TRAUMBERUF. ABER ERST DIE SYMBIOSE MIT MENSCH UND UMWELT MACHT DIESE AUFGABE ZUR PASSION\"<\/div><div class=\"elementor-slide-description\">Claudio - Gesch\u00e4ftsf\u00fchrer \/ Partner\n<br><br>\nWir beobachten die kommenden Entwicklungen in Technologie und Gesellschaft, damit unsere Geb\u00e4ude ein langes, gesundes und produktives Leben f\u00fchren. <\/div><\/div><\/div><\/div><div class=\"elementor-repeater-item-a62df8d swiper-slide\" role=\"group\" aria-roledescription=\"slide\"><div class=\"swiper-slide-bg elementor-ken-burns elementor-ken-burns--in\" role=\"img\" aria-label=\"Haus Modell Atelier10\"><\/div><div class=\"elementor-background-overlay\"><\/div><div class=\"swiper-slide-inner\" ><div class=\"swiper-slide-contents\"><div class=\"elementor-slide-heading\">\"ALLES IST EINE FRAGE DER HALTUNG\"<\/div><div class=\"elementor-slide-description\">Williams da Silva - Gesch\u00e4ftsf\u00fchrer \/ Partner\n<br><br>\nLeidenschaftlich, verantwortungsvoll und fleissig in allem, was wir tun. \nSo arbeiten wir bei Atelier 10!\n<\/div><\/div><\/div><\/div>\t\t\t\t<\/div>\n\t\t\t\t\t\t\t\t\t\t\t\t\t\t\t<div class=\"elementor-swiper-button elementor-swiper-button-prev\" role=\"button\" tabindex=\"0\" aria-label=\"Vorheriger Slide\">\n\t\t\t\t\t\t\t<svg aria-hidden=\"true\" class=\"e-font-icon-svg e-eicon-chevron-left\" viewBox=\"0 0 1000 1000\" xmlns=\"http:\/\/www.w3.org\/2000\/svg\"><path d=\"M646 125C629 125 613 133 604 142L308 442C296 454 292 471 292 487 292 504 296 521 308 533L604 854C617 867 629 875 646 875 663 875 679 871 692 858 704 846 713 829 713 812 713 796 708 779 692 767L438 487 692 225C700 217 708 204 708 187 708 171 704 154 692 142 675 129 663 125 646 125Z\"><\/path><\/svg>\t\t\t\t\t\t<\/div>\n\t\t\t\t\t\t<div class=\"elementor-swiper-button elementor-swiper-button-next\" role=\"button\" tabindex=\"0\" aria-label=\"N\u00e4chster Slide\">\n\t\t\t\t\t\t\t<svg aria-hidden=\"true\" class=\"e-font-icon-svg e-eicon-chevron-right\" viewBox=\"0 0 1000 1000\" xmlns=\"http:\/\/www.w3.org\/2000\/svg\"><path d=\"M696 533C708 521 713 504 713 487 713 471 708 454 696 446L400 146C388 133 375 125 354 125 338 125 325 129 313 142 300 154 292 171 292 187 292 204 296 221 308 233L563 492 304 771C292 783 288 800 288 817 288 833 296 850 308 863 321 871 338 875 354 875 371 875 388 867 400 854L696 533Z\"><\/path><\/svg>\t\t\t\t\t\t<\/div>\n\t\t\t\t\t\t\t\t\t\t\t\t\t\t\t\t\t<\/div>\n\t\t\t\t<\/div>\n\t\t\t\t\t\t\t\t<\/div>\n\t\t\t\t<\/div>\n\t\t\t\t\t<\/div>\n\t\t<\/div>\n\t\t\t\t\t<\/div>\n\t\t<\/section>\n\t\t\t\t<section class=\"elementor-section elementor-top-section elementor-element elementor-element-72a5e515 elementor-section-height-min-height elementor-section-boxed elementor-section-height-default elementor-section-items-middle\" data-id=\"72a5e515\" data-element_type=\"section\" data-e-type=\"section\" data-settings=\"{&quot;background_background&quot;:&quot;classic&quot;}\">\n\t\t\t\t\t\t\t<div class=\"elementor-background-overlay\"><\/div>\n\t\t\t\t\t\t\t<div class=\"elementor-container elementor-column-gap-default\">\n\t\t\t\t\t<div class=\"elementor-column elementor-col-100 elementor-top-column elementor-element elementor-element-1a1d5c83\" data-id=\"1a1d5c83\" data-element_type=\"column\" data-e-type=\"column\">\n\t\t\t<div class=\"elementor-widget-wrap elementor-element-populated\">\n\t\t\t\t\t\t<div class=\"elementor-element elementor-element-7c6574ae elementor-widget elementor-widget-text-editor\" data-id=\"7c6574ae\" data-element_type=\"widget\" data-e-type=\"widget\" data-widget_type=\"text-editor.default\">\n\t\t\t\t<div class=\"elementor-widget-container\">\n\t\t\t\t\t\t\t\t\t<p>Atelier 10 &#8211; Instagram<\/p>\t\t\t\t\t\t\t\t<\/div>\n\t\t\t\t<\/div>\n\t\t\t\t<div class=\"elementor-element elementor-element-264d7a44 elementor-widget elementor-widget-heading\" data-id=\"264d7a44\" data-element_type=\"widget\" data-e-type=\"widget\" data-widget_type=\"heading.default\">\n\t\t\t\t<div class=\"elementor-widget-container\">\n\t\t\t\t\t<h2 class=\"elementor-heading-title elementor-size-large\">Follow US<\/h2>\t\t\t\t<\/div>\n\t\t\t\t<\/div>\n\t\t\t\t<div class=\"elementor-element elementor-element-6db8a64b elementor-widget elementor-widget-text-editor\" data-id=\"6db8a64b\" data-element_type=\"widget\" data-e-type=\"widget\" data-widget_type=\"text-editor.default\">\n\t\t\t\t<div class=\"elementor-widget-container\">\n\t\t\t\t\t\t\t\t\t<p><a href=\"https:\/\/www.instagram.com\/atelier_10_gmbh\/\">@atelier_10_gmbh<\/a><\/p>\t\t\t\t\t\t\t\t<\/div>\n\t\t\t\t<\/div>\n\t\t\t\t\t<\/div>\n\t\t<\/div>\n\t\t\t\t\t<\/div>\n\t\t<\/section>\n\t\t\t\t<\/div>\n\t\t","protected":false},"excerpt":{"rendered":"<p>Von der Skizze bis zum Einzug Dein Bauprojekt ist bei uns in den besten H\u00e4nden Atelier 10 &#8211; Architekten Wir bauen DEIN Zuhause von A-Z Unsere Leistungen Design Individuelle und \u00e4sthetisch \u00fcberzeugende Entw\u00fcrfe sind der Grundstein unserer Arbeit und die Voraussetzung, um einzigartige Projekte zu verwirklichen. Wir denken ganzheitlich, arbeiten interdisziplin\u00e4r und erarbeiten Konzepte, die [&hellip;]<\/p>\n","protected":false},"author":1,"featured_media":0,"parent":0,"menu_order":0,"comment_status":"closed","ping_status":"closed","template":"","meta":{"footnotes":""},"class_list":["post-669","page","type-page","status-publish","hentry"],"_links":{"self":[{"href":"https:\/\/atelier10-architekten.ch\/en\/wp-json\/wp\/v2\/pages\/669","targetHints":{"allow":["GET"]}}],"collection":[{"href":"https:\/\/atelier10-architekten.ch\/en\/wp-json\/wp\/v2\/pages"}],"about":[{"href":"https:\/\/atelier10-architekten.ch\/en\/wp-json\/wp\/v2\/types\/page"}],"author":[{"embeddable":true,"href":"https:\/\/atelier10-architekten.ch\/en\/wp-json\/wp\/v2\/users\/1"}],"replies":[{"embeddable":true,"href":"https:\/\/atelier10-architekten.ch\/en\/wp-json\/wp\/v2\/comments?post=669"}],"version-history":[{"count":129,"href":"https:\/\/atelier10-architekten.ch\/en\/wp-json\/wp\/v2\/pages\/669\/revisions"}],"predecessor-version":[{"id":2045,"href":"https:\/\/atelier10-architekten.ch\/en\/wp-json\/wp\/v2\/pages\/669\/revisions\/2045"}],"wp:attachment":[{"href":"https:\/\/atelier10-architekten.ch\/en\/wp-json\/wp\/v2\/media?parent=669"}],"curies":[{"name":"wp","href":"https:\/\/api.w.org\/{rel}","templated":true}]}}